{"id":510,"date":"2024-03-05T15:49:46","date_gmt":"2024-03-05T15:49:46","guid":{"rendered":"https:\/\/dimgrey-anteater-382335.hostingersite.com\/?post_type=product&#038;p=510"},"modified":"2026-04-03T21:49:10","modified_gmt":"2026-04-03T21:49:10","slug":"medium-moving-box","status":"publish","type":"product","link":"https:\/\/guaraniexpress.com\/es\/producto\/medium-moving-box\/","title":{"rendered":"Caja de mudanza mediana"},"content":{"rendered":"<p>Env\u00eda sin l\u00edmites de peso con nuestro servicio de transporte mar\u00edtimo por caja. Maximiza tus env\u00edos, sin importar el peso, siempre que quepa en la caja. La opci\u00f3n perfecta para tus paquetes grandes y pesados.<\/p>\n<p><strong>Caja de mudanza mediana<\/strong><\/p>\n<p>Dimensiones<\/p>\n<p>(<em>23 pulgadas de largo x 15 pulgadas de ancho x 15 pulgadas de profundidad<\/em>)<\/p>","protected":false},"excerpt":{"rendered":"<p>Env\u00eda sin l\u00edmites de peso con nuestro servicio de transporte mar\u00edtimo por caja. Maximiza tus env\u00edos, sin importar el peso, siempre que quepa en la caja. La opci\u00f3n perfecta para tus paquetes grandes y pesados.<\/p>\n<p><strong>Caja de mudanza mediana<\/strong><\/p>\n<p>Dimensiones<\/p>\n<p>(<em>23 pulgadas de largo x 15 pulgadas de ancho x 15 pulgadas de profundidad<\/em>)<\/p>","protected":false},"featured_media":521,"comment_status":"open","ping_status":"closed","template":"","meta":{"_acf_changed":false,"_joinchat":[]},"product_brand":[],"product_cat":[23],"product_tag":[],"class_list":{"0":"post-510","1":"product","2":"type-product","3":"status-publish","4":"has-post-thumbnail","6":"product_cat-boxes-flat-fee","8":"first","9":"instock","10":"shipping-taxable","11":"purchasable","12":"product-type-simple"},"acf":[],"jetpack_sharing_enabled":true,"_links":{"self":[{"href":"https:\/\/guaraniexpress.com\/es\/wp-json\/wp\/v2\/product\/510","targetHints":{"allow":["GET"]}}],"collection":[{"href":"https:\/\/guaraniexpress.com\/es\/wp-json\/wp\/v2\/product"}],"about":[{"href":"https:\/\/guaraniexpress.com\/es\/wp-json\/wp\/v2\/types\/product"}],"replies":[{"embeddable":true,"href":"https:\/\/guaraniexpress.com\/es\/wp-json\/wp\/v2\/comments?post=510"}],"wp:featuredmedia":[{"embeddable":true,"href":"https:\/\/guaraniexpress.com\/es\/wp-json\/wp\/v2\/media\/521"}],"wp:attachment":[{"href":"https:\/\/guaraniexpress.com\/es\/wp-json\/wp\/v2\/media?parent=510"}],"wp:term":[{"taxonomy":"product_brand","embeddable":true,"href":"https:\/\/guaraniexpress.com\/es\/wp-json\/wp\/v2\/product_brand?post=510"},{"taxonomy":"product_cat","embeddable":true,"href":"https:\/\/guaraniexpress.com\/es\/wp-json\/wp\/v2\/product_cat?post=510"},{"taxonomy":"product_tag","embeddable":true,"href":"https:\/\/guaraniexpress.com\/es\/wp-json\/wp\/v2\/product_tag?post=510"}],"curies":[{"name":"wp","href":"https:\/\/api.w.org\/{rel}","templated":true}]}}